{"id":84,"date":"2017-05-03T17:21:25","date_gmt":"2017-05-03T15:21:25","guid":{"rendered":"http:\/\/149.202.111.54\/osmose\/?page_id=84"},"modified":"2017-07-31T17:32:14","modified_gmt":"2017-07-31T15:32:14","slug":"neutralisation-de-lacide-osmotique","status":"publish","type":"page","link":"https:\/\/osmose-services-bateau.fr\/index.php\/notre-technique\/neutralisation-de-lacide-osmotique\/","title":{"rendered":"2. Neutralisation de l&rsquo;acide osmotique"},"content":{"rendered":"<p>Pourquoi? <\/p>\n<p>L&rsquo; acidit\u00e9 (env. Ph 3) du mat\u00e9riau composite de la coque osmos\u00e9e nuit gravement \u00e0 la bonne r\u00e9ussite du traitement pour les raisons suivantes:<\/p>\n<p>-La solution acide contenue dans le composite hydrolys\u00e9 ne peut pas s\u00e9cher par \u00e9vaporation(\u00e0 moins de 180\u00b0c )<\/p>\n<p>-Cet acide est compos\u00e9 de 40% d&rsquo;acide ac\u00e9tique (d&rsquo;o\u00f9 l&rsquo;odeur de vinaigre ) qui se trouve \u00eatre un d\u00e9tergeant des bases amin\u00e9es composant le durcisseur des r\u00e9sines \u00e9poxy. Ces r\u00e9sines \u00e9poxy appliqu\u00e9es sur cet acide ne peuvent donc pas polym\u00e9riser normalement,3 finissent par \u00eatre d\u00e9truites et deviennent poreuses ou se d\u00e9collent.<\/p>\n<p>-Cet acide absorbe l&rsquo;eau de l&rsquo;ext\u00e9rieur vers lui m\u00eame au travers de l&rsquo;\u00e9poxy devenu perm\u00e9able (c&rsquo;est le ph\u00e9nom\u00e8ne de l&rsquo;osmose qui recommence ) <\/p>\n<p>Il est imp\u00e9ratif de ne pas n\u00e9gliger cette phase cruciale du travail et la traiter en lavant simplement \u00e0 l&rsquo;eau douce n&rsquo;est pas suffisant.<\/p>\n<p>Le NEUTROSMOSE est une base exclusivement mise au point par <b>OSMOSE SERVICES<\/b> pour neutraliser l&rsquo;acidit\u00e9 et nettoyer les surfaces \u00e0 traiter contre l&rsquo;osmose. La surface doit avoir un Ph neutre de 7 au moment de l&rsquo;application de l&rsquo;\u00e9poxy dont le Ph est de 9 pour le m\u00e9lange.<\/p>\n<p>4 \u00e0 5 lavages (1 tous les trois jours environ ) pulv\u00e9risation du <b>NEUTROSMOSE<\/b> sur la coque. Rin\u00e7age \u00e0 l&rsquo;eau neutre Ph 7. Relev\u00e9 de l&rsquo; humidit\u00e9 avant chaque lavage. Quand le composite est neutralis\u00e9 \u00e0 Ph 7 la phase de s\u00e9chage peut d\u00e9buter<\/p>\n","protected":false},"excerpt":{"rendered":"<p>Pourquoi? L&rsquo; acidit\u00e9 (env. Ph 3) du mat\u00e9riau composite de la coque osmos\u00e9e nuit gravement \u00e0 la bonne r\u00e9ussite du traitement pour les raisons suivantes: -La solution acide contenue dans le composite hydrolys\u00e9 ne peut pas s\u00e9cher par \u00e9vaporation(\u00e0 moins de 180\u00b0c ) -Cet acide est compos\u00e9 de 40% d&rsquo;acide ac\u00e9tique (d&rsquo;o\u00f9 l&rsquo;odeur de vinaigre &#8230; <a title=\"2. Neutralisation de l&rsquo;acide osmotique\" class=\"read-more\" href=\"https:\/\/osmose-services-bateau.fr\/index.php\/notre-technique\/neutralisation-de-lacide-osmotique\/\" aria-label=\"En savoir plus sur 2. Neutralisation de l&rsquo;acide osmotique\">Lire la suite<\/a><\/p>\n","protected":false},"author":1,"featured_media":300,"parent":19,"menu_order":0,"comment_status":"closed","ping_status":"closed","template":"","meta":[],"_links":{"self":[{"href":"https:\/\/osmose-services-bateau.fr\/index.php\/wp-json\/wp\/v2\/pages\/84"}],"collection":[{"href":"https:\/\/osmose-services-bateau.fr\/index.php\/wp-json\/wp\/v2\/pages"}],"about":[{"href":"https:\/\/osmose-services-bateau.fr\/index.php\/wp-json\/wp\/v2\/types\/page"}],"author":[{"embeddable":true,"href":"https:\/\/osmose-services-bateau.fr\/index.php\/wp-json\/wp\/v2\/users\/1"}],"replies":[{"embeddable":true,"href":"https:\/\/osmose-services-bateau.fr\/index.php\/wp-json\/wp\/v2\/comments?post=84"}],"version-history":[{"count":6,"href":"https:\/\/osmose-services-bateau.fr\/index.php\/wp-json\/wp\/v2\/pages\/84\/revisions"}],"predecessor-version":[{"id":296,"href":"https:\/\/osmose-services-bateau.fr\/index.php\/wp-json\/wp\/v2\/pages\/84\/revisions\/296"}],"up":[{"embeddable":true,"href":"https:\/\/osmose-services-bateau.fr\/index.php\/wp-json\/wp\/v2\/pages\/19"}],"wp:featuredmedia":[{"embeddable":true,"href":"https:\/\/osmose-services-bateau.fr\/index.php\/wp-json\/wp\/v2\/media\/300"}],"wp:attachment":[{"href":"https:\/\/osmose-services-bateau.fr\/index.php\/wp-json\/wp\/v2\/media?parent=84"}],"curies":[{"name":"wp","href":"https:\/\/api.w.org\/{rel}","templated":true}]}}