{"id":80,"date":"2017-05-03T17:20:22","date_gmt":"2017-05-03T15:20:22","guid":{"rendered":"http:\/\/149.202.111.54\/osmose\/?page_id=80"},"modified":"2017-07-31T17:29:34","modified_gmt":"2017-07-31T15:29:34","slug":"decapage-de-la-coque-pelage","status":"publish","type":"page","link":"https:\/\/osmose-services-bateau.fr\/index.php\/notre-technique\/decapage-de-la-coque-pelage\/","title":{"rendered":"1. D\u00e9capage de la coque pelage"},"content":{"rendered":"<p>Pelage total du gel-coat, imp\u00e9ratif, au rabot sp\u00e9cial ( pas de sablage sec, risque de d\u00e9laminage ).<br \/>\nRelev\u00e9 de l&rsquo;humidit\u00e9 et du Ph de la fibre nue.<br \/>\nFinition des pourtours de quille, arbre d&rsquo; h\u00e9lice, virures, etc&#8230;<br \/>\nLavage haute pression avec une rotabuse pour \u00e9clater les cloques restantes.<\/p>\n","protected":false},"excerpt":{"rendered":"<p>Pelage total du gel-coat, imp\u00e9ratif, au rabot sp\u00e9cial ( pas de sablage sec, risque de d\u00e9laminage ). Relev\u00e9 de l&rsquo;humidit\u00e9 et du Ph de la fibre nue. Finition des pourtours de quille, arbre d&rsquo; h\u00e9lice, virures, etc&#8230; Lavage haute pression avec une rotabuse pour \u00e9clater les cloques restantes.<\/p>\n","protected":false},"author":1,"featured_media":299,"parent":19,"menu_order":0,"comment_status":"closed","ping_status":"closed","template":"","meta":[],"_links":{"self":[{"href":"https:\/\/osmose-services-bateau.fr\/index.php\/wp-json\/wp\/v2\/pages\/80"}],"collection":[{"href":"https:\/\/osmose-services-bateau.fr\/index.php\/wp-json\/wp\/v2\/pages"}],"about":[{"href":"https:\/\/osmose-services-bateau.fr\/index.php\/wp-json\/wp\/v2\/types\/page"}],"author":[{"embeddable":true,"href":"https:\/\/osmose-services-bateau.fr\/index.php\/wp-json\/wp\/v2\/users\/1"}],"replies":[{"embeddable":true,"href":"https:\/\/osmose-services-bateau.fr\/index.php\/wp-json\/wp\/v2\/comments?post=80"}],"version-history":[{"count":7,"href":"https:\/\/osmose-services-bateau.fr\/index.php\/wp-json\/wp\/v2\/pages\/80\/revisions"}],"predecessor-version":[{"id":295,"href":"https:\/\/osmose-services-bateau.fr\/index.php\/wp-json\/wp\/v2\/pages\/80\/revisions\/295"}],"up":[{"embeddable":true,"href":"https:\/\/osmose-services-bateau.fr\/index.php\/wp-json\/wp\/v2\/pages\/19"}],"wp:featuredmedia":[{"embeddable":true,"href":"https:\/\/osmose-services-bateau.fr\/index.php\/wp-json\/wp\/v2\/media\/299"}],"wp:attachment":[{"href":"https:\/\/osmose-services-bateau.fr\/index.php\/wp-json\/wp\/v2\/media?parent=80"}],"curies":[{"name":"wp","href":"https:\/\/api.w.org\/{rel}","templated":true}]}}