{"id":251,"date":"2017-06-26T11:26:51","date_gmt":"2017-06-26T09:26:51","guid":{"rendered":"http:\/\/osmose-services-bateau.fr\/?page_id=251"},"modified":"2017-08-01T10:03:48","modified_gmt":"2017-08-01T08:03:48","slug":"services","status":"publish","type":"page","link":"https:\/\/osmose-services-bateau.fr\/index.php\/services\/","title":{"rendered":"Services +"},"content":{"rendered":"<p style=\"text-align: justify;\">Osmose Services intervient \u00e9galement pour les <strong>r\u00e9parations du composite<\/strong>, la <strong>peinture de la coque<\/strong> et le <strong>rev\u00eatement de pont synth\u00e9tique<\/strong>, de la marque Permateek.<br \/>\nNous pouvons aussi assurer le transport routier des bateaux.<\/p>\n<p>Pour toute r\u00e9paration, <strong>Osmose Services \u00e9tablira gratuitement un devis<\/strong>.<\/p>\n<hr \/>\n<h1>Pour tous les budgets<\/h1>\n<p style=\"text-align: justify;\">Les finitions standards sont les plus fr\u00e9quentes. L&rsquo;\u00e9tat de surface est repris par l&rsquo;enduit et un pon\u00e7age 100% m\u00e9canique.<br \/>\n<i><b>La finition RACING sera agr\u00e9ment\u00e9e d&rsquo;un pon\u00e7age manuel pour affiner l&rsquo;\u00e9tat de surface. Cela fera le bonheur des passionn\u00e9s de vitesse.<\/b><\/i><\/p>\n","protected":false},"excerpt":{"rendered":"<p>Osmose Services intervient \u00e9galement pour les r\u00e9parations du composite, la peinture de la coque et le rev\u00eatement de pont synth\u00e9tique, de la marque Permateek. Nous pouvons aussi assurer le transport routier des bateaux. Pour toute r\u00e9paration, Osmose Services \u00e9tablira gratuitement un devis. Pour tous les budgets Les finitions standards sont les plus fr\u00e9quentes. L&rsquo;\u00e9tat de &#8230; <a title=\"Services +\" class=\"read-more\" href=\"https:\/\/osmose-services-bateau.fr\/index.php\/services\/\" aria-label=\"En savoir plus sur Services +\">Lire la suite<\/a><\/p>\n","protected":false},"author":1,"featured_media":0,"parent":0,"menu_order":0,"comment_status":"closed","ping_status":"closed","template":"","meta":[],"_links":{"self":[{"href":"https:\/\/osmose-services-bateau.fr\/index.php\/wp-json\/wp\/v2\/pages\/251"}],"collection":[{"href":"https:\/\/osmose-services-bateau.fr\/index.php\/wp-json\/wp\/v2\/pages"}],"about":[{"href":"https:\/\/osmose-services-bateau.fr\/index.php\/wp-json\/wp\/v2\/types\/page"}],"author":[{"embeddable":true,"href":"https:\/\/osmose-services-bateau.fr\/index.php\/wp-json\/wp\/v2\/users\/1"}],"replies":[{"embeddable":true,"href":"https:\/\/osmose-services-bateau.fr\/index.php\/wp-json\/wp\/v2\/comments?post=251"}],"version-history":[{"count":24,"href":"https:\/\/osmose-services-bateau.fr\/index.php\/wp-json\/wp\/v2\/pages\/251\/revisions"}],"predecessor-version":[{"id":364,"href":"https:\/\/osmose-services-bateau.fr\/index.php\/wp-json\/wp\/v2\/pages\/251\/revisions\/364"}],"wp:attachment":[{"href":"https:\/\/osmose-services-bateau.fr\/index.php\/wp-json\/wp\/v2\/media?parent=251"}],"curies":[{"name":"wp","href":"https:\/\/api.w.org\/{rel}","templated":true}]}}