{"id":2,"date":"2017-05-03T11:01:13","date_gmt":"2017-05-03T09:01:13","guid":{"rendered":"http:\/\/149.202.111.54\/osmose\/?page_id=2"},"modified":"2017-07-27T15:03:33","modified_gmt":"2017-07-27T13:03:33","slug":"page-d-exemple","status":"publish","type":"page","link":"https:\/\/osmose-services-bateau.fr\/","title":{"rendered":"Accueil"},"content":{"rendered":"<p style=\"text-align: justify;\">Depuis 1989, l&rsquo;entreprise <strong>Osmose Services<\/strong> intervient dans toute la <strong>France <\/strong>et \u00e0 l&rsquo; <strong>\u00e9tranger <\/strong>pour le traitement <strong>des bateaux et des piscines\u00a0contre l&rsquo;osmose.<\/strong><\/p>\n<p><img loading=\"lazy\" class=\"alignright wp-image-45\" style=\"text-align: justify;\" src=\"http:\/\/osmose-services-bateau.fr\/wp-content\/uploads\/2017\/05\/10a8972c-ca81-45d9-930c-0ca652b079dc-1200.jpg\" alt=\"\" width=\"398\" height=\"298\" \/><\/p>\n<p style=\"text-align: justify;\">Avec 24 ans d&rsquo;exp\u00e9rience dans le m\u00e9tier, <strong>M. Mauron<\/strong> traite l&rsquo; <strong>osmose <\/strong>par <strong>rabotage <\/strong>de la <strong>coque<\/strong>. <strong>Les cloques<\/strong> sont le signal d&rsquo;alarme le plus\u00a0courant et d\u00e8s leur apparition, il faut imm\u00e9diatement se soumettre \u00e0\u00a0l&rsquo;<strong>examen<\/strong> d&rsquo;un professionnel.<\/p>\n<p style=\"text-align: justify;\">La taille des cloques peut varier de petites t\u00eates d&rsquo;\u00e9pingles \u00e0 des zones larges comme la paume de la main. La pr\u00e9sence d&rsquo;un liquide dans la cloque est r\u00e9v\u00e9lateur d&rsquo;un <strong>probl\u00e8me<\/strong> potentiel. Si le liquide a une odeur piquante et vinaigr\u00e9e, ou de consistance grasse et collante au toucher, il s&rsquo;agit tr\u00e8s probablement d&rsquo;<strong>osmose<\/strong>. Avant d&rsquo;entreprendre un <strong>traitement<\/strong>, il est important de d\u00e9terminer la cause du probl\u00e8me.<\/p>\n<p style=\"text-align: justify;\">L&rsquo;entreprise <strong>Osmose Services<\/strong> a \u00e9t\u00e9 une des premi\u00e8res en France \u00e0 traiter l&rsquo;osmose par <strong>rabotage<\/strong>. Elle travaille essentiellement <strong>en sous-traitance<\/strong> pour les <strong>professionnels <\/strong>pour effectuer les <strong>r\u00e9parations des coques de bateaux et de piscines<\/strong>.<\/p>\n<p>Osmose Services intervient sur site, en France et \u00e0 l&rsquo;\u00e9tranger<b>.<\/b><\/p>\n<p>Pour plus d&rsquo;informations, contactez <strong>Osmose Services<\/strong>.<\/p>\n","protected":false},"excerpt":{"rendered":"<p>Depuis 1989, l&rsquo;entreprise Osmose Services intervient dans toute la France et \u00e0 l&rsquo; \u00e9tranger pour le traitement des bateaux et des piscines\u00a0contre l&rsquo;osmose. Avec 24 ans d&rsquo;exp\u00e9rience dans le m\u00e9tier, M. Mauron traite l&rsquo; osmose par rabotage de la coque. Les cloques sont le signal d&rsquo;alarme le plus\u00a0courant et d\u00e8s leur apparition, il faut imm\u00e9diatement &#8230; <a title=\"Accueil\" class=\"read-more\" href=\"https:\/\/osmose-services-bateau.fr\/\" aria-label=\"En savoir plus sur Accueil\">Lire la suite<\/a><\/p>\n","protected":false},"author":1,"featured_media":0,"parent":0,"menu_order":0,"comment_status":"closed","ping_status":"open","template":"","meta":[],"_links":{"self":[{"href":"https:\/\/osmose-services-bateau.fr\/index.php\/wp-json\/wp\/v2\/pages\/2"}],"collection":[{"href":"https:\/\/osmose-services-bateau.fr\/index.php\/wp-json\/wp\/v2\/pages"}],"about":[{"href":"https:\/\/osmose-services-bateau.fr\/index.php\/wp-json\/wp\/v2\/types\/page"}],"author":[{"embeddable":true,"href":"https:\/\/osmose-services-bateau.fr\/index.php\/wp-json\/wp\/v2\/users\/1"}],"replies":[{"embeddable":true,"href":"https:\/\/osmose-services-bateau.fr\/index.php\/wp-json\/wp\/v2\/comments?post=2"}],"version-history":[{"count":40,"href":"https:\/\/osmose-services-bateau.fr\/index.php\/wp-json\/wp\/v2\/pages\/2\/revisions"}],"predecessor-version":[{"id":272,"href":"https:\/\/osmose-services-bateau.fr\/index.php\/wp-json\/wp\/v2\/pages\/2\/revisions\/272"}],"wp:attachment":[{"href":"https:\/\/osmose-services-bateau.fr\/index.php\/wp-json\/wp\/v2\/media?parent=2"}],"curies":[{"name":"wp","href":"https:\/\/api.w.org\/{rel}","templated":true}]}}