{"id":19,"date":"2017-05-03T11:25:52","date_gmt":"2017-05-03T09:25:52","guid":{"rendered":"http:\/\/149.202.111.54\/osmose\/?page_id=19"},"modified":"2017-07-31T17:47:40","modified_gmt":"2017-07-31T15:47:40","slug":"notre-technique","status":"publish","type":"page","link":"https:\/\/osmose-services-bateau.fr\/index.php\/notre-technique\/","title":{"rendered":"Notre technique"},"content":{"rendered":"\n<!-- Page-list plugin v.5.2 wordpress.org\/plugins\/page-list\/ -->\n<div class=\"page-list page-list-ext \">\n<div class=\"page-list-ext-item\"><div class=\"page-list-ext-image\"><a href=\"https:\/\/osmose-services-bateau.fr\/index.php\/notre-technique\/decapage-de-la-coque-pelage\/\" title=\"1. D\u00e9capage de la coque pelage\"><img src=\"https:\/\/osmose-services-bateau.fr\/wp-content\/uploads\/2017\/05\/photo-t-2.jpg\" width=\"100\" alt=\"1. D\u00e9capage de la coque pelage\" \/><\/a><\/div> <h3 class=\"page-list-ext-title\"><a href=\"https:\/\/osmose-services-bateau.fr\/index.php\/notre-technique\/decapage-de-la-coque-pelage\/\" title=\"1. D\u00e9capage de la coque pelage\">1. D\u00e9capage de la coque pelage<\/a><\/h3><div class=\"page-list-ext-item-content\">Pelage total du gel-coat, imp\u00e9ratif, au rabot sp\u00e9cial ( pas de sablage sec, risque de d\u00e9laminage ).\r\nRelev\u00e9 de ...<\/div><\/div>\n<div class=\"page-list-ext-item\"><div class=\"page-list-ext-image\"><a href=\"https:\/\/osmose-services-bateau.fr\/index.php\/notre-technique\/neutralisation-de-lacide-osmotique\/\" title=\"2. Neutralisation de l&#039;acide osmotique\"><img src=\"https:\/\/osmose-services-bateau.fr\/wp-content\/uploads\/2017\/05\/photo-t-3.jpg\" width=\"100\" alt=\"2. Neutralisation de l&#039;acide osmotique\" \/><\/a><\/div> <h3 class=\"page-list-ext-title\"><a href=\"https:\/\/osmose-services-bateau.fr\/index.php\/notre-technique\/neutralisation-de-lacide-osmotique\/\" title=\"2. Neutralisation de l&#039;acide osmotique\">2. Neutralisation de l'acide osmotique<\/a><\/h3><div class=\"page-list-ext-item-content\">Pourquoi? \r\n\r\nL' acidit\u00e9 (env. Ph 3) du mat\u00e9riau composite de la coque osmos\u00e9e nuit gravement \u00e0 la bon...<\/div><\/div>\n<div class=\"page-list-ext-item\"><div class=\"page-list-ext-image\"><a href=\"https:\/\/osmose-services-bateau.fr\/index.php\/notre-technique\/sechage\/\" title=\"3. S\u00e9chage\"><img src=\"https:\/\/osmose-services-bateau.fr\/wp-content\/uploads\/2017\/05\/photo-t-6-2.jpg\" width=\"100\" alt=\"3. S\u00e9chage\" \/><\/a><\/div> <h3 class=\"page-list-ext-title\"><a href=\"https:\/\/osmose-services-bateau.fr\/index.php\/notre-technique\/sechage\/\" title=\"3. S\u00e9chage\">3. S\u00e9chage<\/a><\/h3><div class=\"page-list-ext-item-content\">Le s\u00e9chage s'effectue en ext\u00e9rieur, ou sous abris bien ventil\u00e9. Un rigoureux contr\u00f4le humitest est rel...<\/div><\/div>\n<div class=\"page-list-ext-item\"><div class=\"page-list-ext-image\"><a href=\"https:\/\/osmose-services-bateau.fr\/index.php\/notre-technique\/stratification-epoxy\/\" title=\"4. Stratification \u00e9poxy\"><img src=\"https:\/\/osmose-services-bateau.fr\/wp-content\/uploads\/2017\/05\/photo-t-7.jpg\" width=\"100\" alt=\"4. Stratification \u00e9poxy\" \/><\/a><\/div> <h3 class=\"page-list-ext-title\"><a href=\"https:\/\/osmose-services-bateau.fr\/index.php\/notre-technique\/stratification-epoxy\/\" title=\"4. Stratification \u00e9poxy\">4. Stratification \u00e9poxy<\/a><\/h3><div class=\"page-list-ext-item-content\">Humidit\u00e9 maxi de la coque \u00e9quivalente \u00e0 celle des oeuvres mortes, ( valeur diff\u00e9rente selon les bateaux). Tem...<\/div><\/div>\n\n<\/div>\n","protected":false},"excerpt":{"rendered":"","protected":false},"author":1,"featured_media":0,"parent":0,"menu_order":0,"comment_status":"closed","ping_status":"closed","template":"","meta":[],"_links":{"self":[{"href":"https:\/\/osmose-services-bateau.fr\/index.php\/wp-json\/wp\/v2\/pages\/19"}],"collection":[{"href":"https:\/\/osmose-services-bateau.fr\/index.php\/wp-json\/wp\/v2\/pages"}],"about":[{"href":"https:\/\/osmose-services-bateau.fr\/index.php\/wp-json\/wp\/v2\/types\/page"}],"author":[{"embeddable":true,"href":"https:\/\/osmose-services-bateau.fr\/index.php\/wp-json\/wp\/v2\/users\/1"}],"replies":[{"embeddable":true,"href":"https:\/\/osmose-services-bateau.fr\/index.php\/wp-json\/wp\/v2\/comments?post=19"}],"version-history":[{"count":50,"href":"https:\/\/osmose-services-bateau.fr\/index.php\/wp-json\/wp\/v2\/pages\/19\/revisions"}],"predecessor-version":[{"id":313,"href":"https:\/\/osmose-services-bateau.fr\/index.php\/wp-json\/wp\/v2\/pages\/19\/revisions\/313"}],"wp:attachment":[{"href":"https:\/\/osmose-services-bateau.fr\/index.php\/wp-json\/wp\/v2\/media?parent=19"}],"curies":[{"name":"wp","href":"https:\/\/api.w.org\/{rel}","templated":true}]}}