{"id":17,"date":"2017-05-03T11:25:23","date_gmt":"2017-05-03T09:25:23","guid":{"rendered":"http:\/\/149.202.111.54\/osmose\/?page_id=17"},"modified":"2017-07-31T17:23:02","modified_gmt":"2017-07-31T15:23:02","slug":"osmose-polyester","status":"publish","type":"page","link":"https:\/\/osmose-services-bateau.fr\/index.php\/osmose-polyester\/","title":{"rendered":"L&rsquo;osmose du polyester"},"content":{"rendered":"<p>L&rsquo;entreprise<b> Osmose Services, <\/b>est sp\u00e9cialis\u00e9e dans le\u00a0<b> traitement de vos bateaux et vos piscines<\/b> contre l&rsquo;<b>osmose<\/b>.<\/p>\n<p><b>QU&rsquo;EST-CE QUE L&rsquo;OSMOSE ?<\/b><\/p>\n<p style=\"text-align: justify;\">L&rsquo;osmose est un ph\u00e9nom\u00e8ne naturel qui permet, par exemple, aux v\u00e9g\u00e9taux d&rsquo;absorber l&rsquo;eau du sol au travers de l&rsquo;\u00e9corce de leurs racines. L&rsquo;absorption de l&rsquo;eau se fait par diff\u00e9rence de poids mol\u00e9culaire des solutions plus ou moins concentr\u00e9es. Par d\u00e9finition l&rsquo;osmose est l&rsquo;absorption d&rsquo;une solution dilu\u00e9e par une solution concentr\u00e9e au travers d&rsquo;une membrane semi-perm\u00e9able.<\/p>\n<p><b>L&rsquo;OSMOSE DES COQUES EN POLYESTER<\/b><\/p>\n<p style=\"text-align: justify;\"><img loading=\"lazy\" class=\"alignright\" title=\"Osmose Services, sp\u00e9cialiste du traitement de l'osmose des coques en p\" src=\"http:\/\/static2.seety.pagesjaunes.fr\/dam_7171205\/2c6a669b-1874-4a7f-9ad5-53ce425b1ab9-800\" alt=\"Osmose Services, sp\u00e9cialiste du traitement de l'osmose des coques en p\" width=\"411\" height=\"308\" \/>Dans les coques polyester des bateaux et des piscines, le principe est le m\u00eame mais il d\u00e9bute apr\u00e8s l&rsquo;infiltration de l&rsquo;eau dans le gel coat protecteur par vieillissement. Ce gel coat laisse passer lentement l&rsquo;humidit\u00e9 qui hydrolyse le stratifi\u00e9 polyester et solvant des acides contenus dans la r\u00e9sine et dans les tissus de verre. Ces acides devenus fluides ont un poids mol\u00e9culaire sup\u00e9rieur \u00e0 l&rsquo;eau et donc absorbent le H\u00b2O au travers du gel coat devenu semi-perm\u00e9able (seule l&rsquo;eau p\u00e9n\u00e8tre mais pas le sel de mer).<br \/>\nCe ph\u00e9nom\u00e8ne s&rsquo;accentue au fil du temps car l&rsquo;acide cherche toujours \u00e0 se transformer en solvant, mais l&rsquo;hydrolyse du composite polyester en produit de plus en plus et donc cette r\u00e9action en cha\u00eene est sans fin et surtout exponentielle.<br \/>\nTant que le gel coat reste semi-perm\u00e9able, l&rsquo;intrusion de l&rsquo;eau dans le composite provoque un gonflement de ce gel coat sous forme de cloques de plus en plus grosses bien visibles. Apr\u00e8s quelques temps les cloques deviennes poreuses ou \u00e9clatent et il est fr\u00e9quent de voir des coques anciennes tr\u00e8s hydrolys\u00e9es mais ne pr\u00e9sentant aucune cloque. A ce stade l&rsquo;\u00e9change se fait avec plus d&rsquo;efficacit\u00e9 et donc plus d&rsquo;hydrolyse du composite qui se d\u00e9truit rapidement.<br \/>\nLe composite hydrolys\u00e9 perd ses qualit\u00e9s m\u00e9caniques par d\u00e9collement des fibres de verre et de la r\u00e9sine. Cela peut entra\u00eener \u00e0 long terme des d\u00e9laminages structurels de la coque.<\/p>\n<p><b>R\u00c9PARER L&rsquo;OSMOSE<\/b><\/p>\n<p style=\"text-align: justify;\">Il est important de stopper le ph\u00e9nom\u00e8ne le plus t\u00f4t possible afin de ne pas laisser l&rsquo;hydrolyse d\u00e9calaminer la coque.<br \/>\nPour enrayer l&rsquo;osmose il faut \u00e9liminer l&rsquo;acide en le neutralisant avec une base, faire s\u00e9cher l&rsquo;humidit\u00e9 et refaire l&rsquo;\u00e9tanch\u00e9it\u00e9, mais pour cela il faut l&rsquo;atteindre \u00e0 l&rsquo;int\u00e9rieur du stratifi\u00e9, on est donc oblig\u00e9 de <b>d\u00e9caper<\/b> la coque. Ce <b>d\u00e9capage <\/b>doit atteindre au plus pr\u00e8s le stratifi\u00e9 hydrolys\u00e9, le moyen de d\u00e9capage le plus efficace est aujourd&rsquo;hui le <b>pelage <\/b>par <b>rabotage<\/b>. Un op\u00e9rateur exp\u00e9riment\u00e9 \u00e9quip\u00e9 d&rsquo;un <b>rabot<\/b> sp\u00e9cialement con\u00e7u pour ce travail p\u00e8lera la surface pour la pr\u00e9parer \u00e0 la r\u00e9paration.<\/p>\n<p><img loading=\"lazy\" class=\"alignleft\" title=\"Osmose Services, sp\u00e9cialis\u00e9 dans le traitement de l'osmose\" src=\"http:\/\/static1.seety.pagesjaunes.fr\/dam_7171205\/d40440ce-9b52-41d8-bb5c-3c31624f5e9f-800\" alt=\"Osmose Services, sp\u00e9cialis\u00e9 dans le traitement de l'osmose\" width=\"426\" height=\"219\" \/><\/p>\n<p style=\"text-align: justify;\">Il s&rsquo;en suivra un <b>hydrocurage <\/b>de la fibre avec un nettoyeur \u00e0 haute pression pour \u00e9liminer les fibres non adh\u00e9rentes qui pourraient rester. On <b>pulv\u00e9risera <\/b>sur la\u00a0coque une solution basique en plusieurs fois afin de neutraliser l&rsquo;acide et permettre ainsi \u00e0 l&rsquo;eau ( H\u00b2O ) de s&rsquo;\u00e9vaporer.<\/p>\n<p style=\"text-align: justify;\">Apr\u00e8s ce <b>s\u00e9chage <\/b>plus ou moins long on appliquera des couches d&rsquo; <b>\u00e9tanch\u00e9it\u00e9 <\/b>\u00e0 base de r\u00e9sine \u00e9poxy bien connue pour ces qualit\u00e9s de r\u00e9sistance \u00e0 l&rsquo;hydrolyse.<\/p>\n<p>&nbsp;<\/p>\n<p style=\"text-align: center;\"><strong><a href=\"http:\/\/osmose-services-bateau.fr\/index.php\/notre-technique\/\">Retrouvez les diff\u00e9rentes \u00e9tapes de r\u00e9paration<\/a><\/strong><\/p>\n<div class=\"paragraph-line\"><\/div>\n<div class=\"paragraph-line\"><\/div>\n","protected":false},"excerpt":{"rendered":"<p>L&rsquo;entreprise Osmose Services, est sp\u00e9cialis\u00e9e dans le\u00a0 traitement de vos bateaux et vos piscines contre l&rsquo;osmose. QU&rsquo;EST-CE QUE L&rsquo;OSMOSE ? L&rsquo;osmose est un ph\u00e9nom\u00e8ne naturel qui permet, par exemple, aux v\u00e9g\u00e9taux d&rsquo;absorber l&rsquo;eau du sol au travers de l&rsquo;\u00e9corce de leurs racines. L&rsquo;absorption de l&rsquo;eau se fait par diff\u00e9rence de poids mol\u00e9culaire des solutions plus &#8230; <a title=\"L&rsquo;osmose du polyester\" class=\"read-more\" href=\"https:\/\/osmose-services-bateau.fr\/index.php\/osmose-polyester\/\" aria-label=\"En savoir plus sur L&rsquo;osmose du polyester\">Lire la suite<\/a><\/p>\n","protected":false},"author":1,"featured_media":0,"parent":0,"menu_order":0,"comment_status":"closed","ping_status":"closed","template":"","meta":[],"_links":{"self":[{"href":"https:\/\/osmose-services-bateau.fr\/index.php\/wp-json\/wp\/v2\/pages\/17"}],"collection":[{"href":"https:\/\/osmose-services-bateau.fr\/index.php\/wp-json\/wp\/v2\/pages"}],"about":[{"href":"https:\/\/osmose-services-bateau.fr\/index.php\/wp-json\/wp\/v2\/types\/page"}],"author":[{"embeddable":true,"href":"https:\/\/osmose-services-bateau.fr\/index.php\/wp-json\/wp\/v2\/users\/1"}],"replies":[{"embeddable":true,"href":"https:\/\/osmose-services-bateau.fr\/index.php\/wp-json\/wp\/v2\/comments?post=17"}],"version-history":[{"count":25,"href":"https:\/\/osmose-services-bateau.fr\/index.php\/wp-json\/wp\/v2\/pages\/17\/revisions"}],"predecessor-version":[{"id":292,"href":"https:\/\/osmose-services-bateau.fr\/index.php\/wp-json\/wp\/v2\/pages\/17\/revisions\/292"}],"wp:attachment":[{"href":"https:\/\/osmose-services-bateau.fr\/index.php\/wp-json\/wp\/v2\/media?parent=17"}],"curies":[{"name":"wp","href":"https:\/\/api.w.org\/{rel}","templated":true}]}}