{"id":13,"date":"2017-05-03T11:24:34","date_gmt":"2017-05-03T09:24:34","guid":{"rendered":"http:\/\/149.202.111.54\/osmose\/?page_id=13"},"modified":"2017-08-02T09:21:02","modified_gmt":"2017-08-02T07:21:02","slug":"contact","status":"publish","type":"page","link":"https:\/\/osmose-services-bateau.fr\/index.php\/contact\/","title":{"rendered":"Contact"},"content":{"rendered":"<h2 class=\"commons-title3 titre\">Pour nous contacter :<\/h2>\n<hr \/>\n<p style=\"margin: 0px; padding: 0px;\"><b>Osmose Services<\/b><\/p>\n<p style=\"margin: 0px; padding: 0px;\"><b>T\u00e9l.<\/b> : +33 6 85 40 06 64<\/p>\n<p style=\"margin: 0px; padding: 0px;\"><b>Mail<\/b> : <a href=\"mailto:contact@osmose-services-bateau.fr\">contact@osmose-services-bateau.fr<br \/>\n<\/a><\/p>\n<p><strong><br \/>\nLangues parl\u00e9es :<\/strong> Fran\u00e7ais, Anglais, Espagnol (Castillan)<\/p>\n<hr \/>\n<p style=\"font-size: 12px;\"><em>Conform\u00e9ment \u00e0 la loi Informatique et Libert\u00e9s du 6 janvier 1978, vous disposez d&rsquo;un droit d&rsquo;acc\u00e8s, de rectification et de suppression des donn\u00e9es qui vous concernent en nous \u00e9crivant \u00e0 l&rsquo;adresse postale et\/ou mail indiqu\u00e9e ci dessus. Seule notre soci\u00e9t\u00e9 ou association est destinataire des informations que vous lui communiquez.<\/em><\/p>\n","protected":false},"excerpt":{"rendered":"<p>Pour nous contacter : Osmose Services T\u00e9l. : +33 6 85 40 06 64 Mail : contact@osmose-services-bateau.fr Langues parl\u00e9es : Fran\u00e7ais, Anglais, Espagnol (Castillan) Conform\u00e9ment \u00e0 la loi Informatique et Libert\u00e9s du 6 janvier 1978, vous disposez d&rsquo;un droit d&rsquo;acc\u00e8s, de rectification et de suppression des donn\u00e9es qui vous concernent en nous \u00e9crivant \u00e0 l&rsquo;adresse &#8230; <a title=\"Contact\" class=\"read-more\" href=\"https:\/\/osmose-services-bateau.fr\/index.php\/contact\/\" aria-label=\"En savoir plus sur Contact\">Lire la suite<\/a><\/p>\n","protected":false},"author":1,"featured_media":0,"parent":0,"menu_order":0,"comment_status":"closed","ping_status":"closed","template":"","meta":[],"_links":{"self":[{"href":"https:\/\/osmose-services-bateau.fr\/index.php\/wp-json\/wp\/v2\/pages\/13"}],"collection":[{"href":"https:\/\/osmose-services-bateau.fr\/index.php\/wp-json\/wp\/v2\/pages"}],"about":[{"href":"https:\/\/osmose-services-bateau.fr\/index.php\/wp-json\/wp\/v2\/types\/page"}],"author":[{"embeddable":true,"href":"https:\/\/osmose-services-bateau.fr\/index.php\/wp-json\/wp\/v2\/users\/1"}],"replies":[{"embeddable":true,"href":"https:\/\/osmose-services-bateau.fr\/index.php\/wp-json\/wp\/v2\/comments?post=13"}],"version-history":[{"count":40,"href":"https:\/\/osmose-services-bateau.fr\/index.php\/wp-json\/wp\/v2\/pages\/13\/revisions"}],"predecessor-version":[{"id":380,"href":"https:\/\/osmose-services-bateau.fr\/index.php\/wp-json\/wp\/v2\/pages\/13\/revisions\/380"}],"wp:attachment":[{"href":"https:\/\/osmose-services-bateau.fr\/index.php\/wp-json\/wp\/v2\/media?parent=13"}],"curies":[{"name":"wp","href":"https:\/\/api.w.org\/{rel}","templated":true}]}}