{"id":102,"date":"2017-05-03T17:33:35","date_gmt":"2017-05-03T15:33:35","guid":{"rendered":"http:\/\/149.202.111.54\/osmose\/?page_id=102"},"modified":"2017-07-31T17:34:21","modified_gmt":"2017-07-31T15:34:21","slug":"sechage","status":"publish","type":"page","link":"https:\/\/osmose-services-bateau.fr\/index.php\/notre-technique\/sechage\/","title":{"rendered":"3. S\u00e9chage"},"content":{"rendered":"<p>Le s\u00e9chage s&rsquo;effectue en ext\u00e9rieur, ou sous abris bien ventil\u00e9. Un rigoureux contr\u00f4le humitest est relev\u00e9 1 foi par mois (tous les 50 cm). Lorsque l&rsquo;humidit\u00e9 de la car\u00e8ne approche ou \u00e9gale celle des oeuvres vives, un s\u00e9chage de finition de 1 \u00e0 2 semaines dans un atelier clos et sec HR&lt; 60% serait appr\u00e9ciable. Pour acc\u00e9l\u00e9rer le s\u00e9chage il est possible d&rsquo;avoir recours \u00e0 notre nouvelle technologie le <b>SYSTEM CROS<\/b> (nous consulter).<\/p>\n<p>Elles n&rsquo;excluent en aucun cas la neutralisation de l&rsquo;acide avec le Neutrosmose<\/p>\n<p>Le calage sans appui sur la partie \u00e0 traiter est imp\u00e9ratif pour un bon s\u00e9chage.<\/p>\n","protected":false},"excerpt":{"rendered":"<p>Le s\u00e9chage s&rsquo;effectue en ext\u00e9rieur, ou sous abris bien ventil\u00e9. Un rigoureux contr\u00f4le humitest est relev\u00e9 1 foi par mois (tous les 50 cm). Lorsque l&rsquo;humidit\u00e9 de la car\u00e8ne approche ou \u00e9gale celle des oeuvres vives, un s\u00e9chage de finition de 1 \u00e0 2 semaines dans un atelier clos et sec HR&lt; 60% serait appr\u00e9ciable. &#8230; <a title=\"3. S\u00e9chage\" class=\"read-more\" href=\"https:\/\/osmose-services-bateau.fr\/index.php\/notre-technique\/sechage\/\" aria-label=\"En savoir plus sur 3. S\u00e9chage\">Lire la suite<\/a><\/p>\n","protected":false},"author":1,"featured_media":301,"parent":19,"menu_order":6,"comment_status":"closed","ping_status":"closed","template":"","meta":[],"_links":{"self":[{"href":"https:\/\/osmose-services-bateau.fr\/index.php\/wp-json\/wp\/v2\/pages\/102"}],"collection":[{"href":"https:\/\/osmose-services-bateau.fr\/index.php\/wp-json\/wp\/v2\/pages"}],"about":[{"href":"https:\/\/osmose-services-bateau.fr\/index.php\/wp-json\/wp\/v2\/types\/page"}],"author":[{"embeddable":true,"href":"https:\/\/osmose-services-bateau.fr\/index.php\/wp-json\/wp\/v2\/users\/1"}],"replies":[{"embeddable":true,"href":"https:\/\/osmose-services-bateau.fr\/index.php\/wp-json\/wp\/v2\/comments?post=102"}],"version-history":[{"count":4,"href":"https:\/\/osmose-services-bateau.fr\/index.php\/wp-json\/wp\/v2\/pages\/102\/revisions"}],"predecessor-version":[{"id":297,"href":"https:\/\/osmose-services-bateau.fr\/index.php\/wp-json\/wp\/v2\/pages\/102\/revisions\/297"}],"up":[{"embeddable":true,"href":"https:\/\/osmose-services-bateau.fr\/index.php\/wp-json\/wp\/v2\/pages\/19"}],"wp:featuredmedia":[{"embeddable":true,"href":"https:\/\/osmose-services-bateau.fr\/index.php\/wp-json\/wp\/v2\/media\/301"}],"wp:attachment":[{"href":"https:\/\/osmose-services-bateau.fr\/index.php\/wp-json\/wp\/v2\/media?parent=102"}],"curies":[{"name":"wp","href":"https:\/\/api.w.org\/{rel}","templated":true}]}}